{"id":47,"date":"2024-11-21T08:12:26","date_gmt":"2024-11-21T08:12:26","guid":{"rendered":"https:\/\/apartamentynap.pl\/?page_id=47"},"modified":"2024-11-22T10:04:04","modified_gmt":"2024-11-22T10:04:04","slug":"regulamin","status":"publish","type":"page","link":"https:\/\/apartamentynap.pl\/en\/regulamin\/","title":{"rendered":"STATUTE"},"content":{"rendered":"<div data-elementor-type=\"wp-page\" data-elementor-id=\"47\" class=\"elementor elementor-47\" data-elementor-post-type=\"page\">\n\t\t\t\t<div class=\"elementor-element elementor-element-4e2b17b e-con-full e-flex e-con e-parent\" data-id=\"4e2b17b\" data-element_type=\"container\" data-settings=\"{&quot;background_background&quot;:&quot;classic&quot;}\">\n\t\t\t\t<div class=\"elementor-element elementor-element-4705422 elementor-widget elementor-widget-heading\" data-id=\"4705422\" data-element_type=\"widget\" data-widget_type=\"heading.default\">\n\t\t\t\t<div class=\"elementor-widget-container\">\n\t\t\t<h2 class=\"elementor-heading-title elementor-size-default\">Regulamin<\/h2>\t\t<\/div>\n\t\t\t\t<\/div>\n\t\t<div class=\"elementor-element elementor-element-2a10183 e-con-full e-flex e-con e-child\" data-id=\"2a10183\" data-element_type=\"container\">\n\t\t<div class=\"elementor-element elementor-element-0f93df1 e-con-full e-flex e-con e-child\" data-id=\"0f93df1\" data-element_type=\"container\">\n\t\t\t\t<div class=\"elementor-element elementor-element-59c047e elementor-widget elementor-widget-heading\" data-id=\"59c047e\" data-element_type=\"widget\" data-widget_type=\"heading.default\">\n\t\t\t\t<div class=\"elementor-widget-container\">\n\t\t\t<h2 class=\"elementor-heading-title elementor-size-default\">1. Rezerwacja<\/h2>\t\t<\/div>\n\t\t\t\t<\/div>\n\t\t\t\t<div class=\"elementor-element elementor-element-5ed89ba elementor-widget elementor-widget-text-editor\" data-id=\"5ed89ba\" data-element_type=\"widget\" data-widget_type=\"text-editor.default\">\n\t\t\t\t<div class=\"elementor-widget-container\">\n\t\t\t\t\t\t\t<p><span style=\"font-family: 'Open Sans'; text-align: justify;\">Rezerwacji mo\u017cna dokona\u0107 telefonicznie lub mailowo kontaktuj\u0105c si\u0119 z recepcj\u0105 Apartamenty NAP. Po dokonaniu rezerwacji nale\u017cy wp\u0142aci\u0107 zadatek w wysoko\u015bci 50% warto\u015bci rezerwacji.<\/span><br style=\"font-family: 'Open Sans'; text-align: justify;\" \/><span style=\"font-family: 'Open Sans'; text-align: justify;\">Ka\u017cda rezerwacja dokonywana w Apartamentach NAP jest rezerwacj\u0105 gwarantowan\u0105 i mo\u017ce by\u0107 anulowana drog\u0105 mailow\u0105 najp\u00f3\u017aniej na 7 dni przed planowanym przyjazdem .<\/span><br style=\"font-family: 'Open Sans'; text-align: justify;\" \/><span style=\"font-family: 'Open Sans'; text-align: justify;\">W\u00f3wczas wp\u0142acony zadatek podlega zwrotowi.<\/span><br style=\"font-family: 'Open Sans'; text-align: justify;\" \/><span style=\"font-family: 'Open Sans'; text-align: justify;\">W przypadku okres\u00f3w targowych i termin\u00f3w wa\u017cnych wydarze\u0144 kulturalnych, politycznych i biznesowych Apartamenty NAP maj\u0105 prawo egzekwowa\u0107 100% przedp\u0142aty za ca\u0142\u0105 rezerwacj\u0119, rezerwacja nie podlega w\u00f3wczas anulacji.<\/span><br style=\"font-family: 'Open Sans'; text-align: justify;\" \/><span style=\"font-family: 'Open Sans'; text-align: justify;\">Dokonanie rezerwacji jest jednoznaczne z zapoznaniem si\u0119 i zaakceptowaniem postanowie\u0144 Regulaminu i stanowi jednocze\u015bnie zawarcie umowy najmu obiektu noclegowego mi\u0119dzy Apartamenty NAP a Klientem na warunkach okre\u015blonych w niniejszym regulaminie i cenniku.<\/span><\/p>\t\t\t\t\t\t<\/div>\n\t\t\t\t<\/div>\n\t\t\t\t<\/div>\n\t\t<div class=\"elementor-element elementor-element-6ff42bf e-con-full e-flex e-con e-child\" data-id=\"6ff42bf\" data-element_type=\"container\">\n\t\t\t\t<div class=\"elementor-element elementor-element-ca765f9 elementor-widget elementor-widget-heading\" data-id=\"ca765f9\" data-element_type=\"widget\" data-widget_type=\"heading.default\">\n\t\t\t\t<div class=\"elementor-widget-container\">\n\t\t\t<h2 class=\"elementor-heading-title elementor-size-default\">2. Doba hotelowa<\/h2>\t\t<\/div>\n\t\t\t\t<\/div>\n\t\t\t\t<div class=\"elementor-element elementor-element-6485418 elementor-widget elementor-widget-text-editor\" data-id=\"6485418\" data-element_type=\"widget\" data-widget_type=\"text-editor.default\">\n\t\t\t\t<div class=\"elementor-widget-container\">\n\t\t\t\t\t\t\t<p>Doba hotelowa trwa od godziny\u00a0<strong>16:00<\/strong>\u00a0dnia przyjazdu, do godziny\u00a0<strong>12:00<\/strong>\u00a0dnia wyjazdu.<br \/>\u2022\u00a0<strong>Wcze\u015bniejszy przyjazd:<\/strong>\u00a0w oparciu o bie\u017c\u0105c\u0105 dost\u0119pno\u015b\u0107 apartament\u00f3w istnieje mo\u017cliwo\u015b\u0107 wcze\u015bniejszego zameldowania po konsultacji z recepcj\u0105 Apartamenty NAP<br \/>\u2022\u00a0<strong>P\u00f3\u017aniejszy wyjazd:<\/strong>\u00a0w przypadku niewymeldowania si\u0119 Klienta z apartamentu w wyznaczonych godzinach jest on zobowi\u0105zany do uiszczenia op\u0142aty za kolejn\u0105 rozpocz\u0119t\u0105 dob\u0119. Jednak\u017ce nocleg jest mo\u017cliwy tylko w\u00f3wczas je\u015bli ten pok\u00f3j nie by\u0142 wcze\u015bniej zarezerwowany.<\/p>\t\t\t\t\t\t<\/div>\n\t\t\t\t<\/div>\n\t\t\t\t<\/div>\n\t\t<div class=\"elementor-element elementor-element-d4e0db0 e-con-full e-flex e-con e-child\" data-id=\"d4e0db0\" data-element_type=\"container\">\n\t\t\t\t<div class=\"elementor-element elementor-element-5a38bd7 elementor-widget elementor-widget-heading\" data-id=\"5a38bd7\" data-element_type=\"widget\" data-widget_type=\"heading.default\">\n\t\t\t\t<div class=\"elementor-widget-container\">\n\t\t\t<h2 class=\"elementor-heading-title elementor-size-default\">3. Meldowanie i zasady odbioru kart dost\u0119pu<\/h2>\t\t<\/div>\n\t\t\t\t<\/div>\n\t\t\t\t<div class=\"elementor-element elementor-element-596093a elementor-widget elementor-widget-text-editor\" data-id=\"596093a\" data-element_type=\"widget\" data-widget_type=\"text-editor.default\">\n\t\t\t\t<div class=\"elementor-widget-container\">\n\t\t\t\t\t\t\t<p><strong>Zameldowanie oraz odbi\u00f3r kart dost\u0119pu do Apartament\u00f3w NAP odbywa si\u0119 w Hostelu Katowice Centrum przy ul. Andrzeja 19 (czynne 24 h). Odleg\u0142o\u015b\u0107 pomi\u0119dzy obydwoma punktami to 3 minuty pieszo.<\/strong><\/p>\t\t\t\t\t\t<\/div>\n\t\t\t\t<\/div>\n\t\t\t\t<div class=\"elementor-element elementor-element-b8f9e47 elementor-widget elementor-widget-text-editor\" data-id=\"b8f9e47\" data-element_type=\"widget\" data-widget_type=\"text-editor.default\">\n\t\t\t\t<div class=\"elementor-widget-container\">\n\t\t\t\t\t\t\t<p>Zameldowanie w Apartamenty NAP odbywa si\u0119 na podstawie wa\u017cnego dokumentu to\u017csamo\u015bci (dowodu osobistego, paszportu, prawa jazdy).<br \/>Apartamenty NAP zastrzegaj\u0105 sobie prawo do odmowy przyj\u0119cia Go\u015bcia, kt\u00f3ry:<br \/>\u2022 nie posiada wa\u017cnego dowodu to\u017csamo\u015bci lub nie chce okaza\u0107 dokumentu,<br \/>\u2022 znajduje si\u0119 pod wp\u0142ywem alkoholu lub innych \u015brodk\u00f3w odurzaj\u0105cych,<br \/>Pobieramy 100 z\u0142 depozytu p\u0142atnego w momencie meldowania. Depozyt ten podlega zwrotowi w momencie wymeldowania.<\/p>\t\t\t\t\t\t<\/div>\n\t\t\t\t<\/div>\n\t\t\t\t<\/div>\n\t\t<div class=\"elementor-element elementor-element-a421c16 e-con-full e-flex e-con e-child\" data-id=\"a421c16\" data-element_type=\"container\">\n\t\t\t\t<div class=\"elementor-element elementor-element-3e6411a elementor-widget elementor-widget-heading\" data-id=\"3e6411a\" data-element_type=\"widget\" data-widget_type=\"heading.default\">\n\t\t\t\t<div class=\"elementor-widget-container\">\n\t\t\t<h2 class=\"elementor-heading-title elementor-size-default\">4. Wymeldowanie i zdanie kluczy<\/h2>\t\t<\/div>\n\t\t\t\t<\/div>\n\t\t\t\t<div class=\"elementor-element elementor-element-50d01b9 elementor-widget elementor-widget-text-editor\" data-id=\"50d01b9\" data-element_type=\"widget\" data-widget_type=\"text-editor.default\">\n\t\t\t\t<div class=\"elementor-widget-container\">\n\t\t\t\t\t\t\t<p>Zdanie karty dost\u0119pu odbywa si\u0119 w Hostelu Katowice Centrum przy ul. Andrzeja 19 (czynne 24 h).<br \/>W przypadku zgubienia kluczy do apartamentu go\u015bcie zobowi\u0105zani s\u0105 do uiszczenia op\u0142aty w wysoko\u015bci 100 z\u0142.<\/p>\t\t\t\t\t\t<\/div>\n\t\t\t\t<\/div>\n\t\t\t\t<\/div>\n\t\t<div class=\"elementor-element elementor-element-bfe3b6f e-con-full e-flex e-con e-child\" data-id=\"bfe3b6f\" data-element_type=\"container\">\n\t\t\t\t<div class=\"elementor-element elementor-element-9431c57 elementor-widget elementor-widget-heading\" data-id=\"9431c57\" data-element_type=\"widget\" data-widget_type=\"heading.default\">\n\t\t\t\t<div class=\"elementor-widget-container\">\n\t\t\t<h2 class=\"elementor-heading-title elementor-size-default\">5. Odpowiedzialno\u015b\u0107 za apartament<\/h2>\t\t<\/div>\n\t\t\t\t<\/div>\n\t\t\t\t<div class=\"elementor-element elementor-element-5b6826e elementor-widget elementor-widget-text-editor\" data-id=\"5b6826e\" data-element_type=\"widget\" data-widget_type=\"text-editor.default\">\n\t\t\t\t<div class=\"elementor-widget-container\">\n\t\t\t\t\t\t\t<p>Go\u015bcie zobowi\u0105zani s\u0105 do zdania apartamentu w stanie nie gorszym od tego w jakim zosta\u0142 im przekazany.<br \/>W przypadku wyrz\u0105dzenia jakiejkolwiek szkody w apartamencie Go\u015bcie zobowi\u0105zani s\u0105 do zap\u0142aty odszkodowania w pe\u0142ni pokrywaj\u0105cego warto\u015b\u0107 poniesionych strat.<br \/>Przy ka\u017cdorazowym wyj\u015bciu z obiektu Go\u015bcie zobowi\u0105zani s\u0105 zamkn\u0105\u0107 wszystkie okna oraz zamkn\u0105\u0107 lokal na wszystkie zamki, do kt\u00f3rych otrzymali klucze.<\/p>\t\t\t\t\t\t<\/div>\n\t\t\t\t<\/div>\n\t\t\t\t<\/div>\n\t\t<div class=\"elementor-element elementor-element-29b627b e-con-full e-flex e-con e-child\" data-id=\"29b627b\" data-element_type=\"container\">\n\t\t\t\t<div class=\"elementor-element elementor-element-4e5c359 elementor-widget elementor-widget-heading\" data-id=\"4e5c359\" data-element_type=\"widget\" data-widget_type=\"heading.default\">\n\t\t\t\t<div class=\"elementor-widget-container\">\n\t\t\t<h2 class=\"elementor-heading-title elementor-size-default\">6. Cisza nocna\n<\/h2>\t\t<\/div>\n\t\t\t\t<\/div>\n\t\t\t\t<div class=\"elementor-element elementor-element-5c5a3e7 elementor-widget elementor-widget-text-editor\" data-id=\"5c5a3e7\" data-element_type=\"widget\" data-widget_type=\"text-editor.default\">\n\t\t\t\t<div class=\"elementor-widget-container\">\n\t\t\t\t\t\t\t<p>Go\u015bcie zobowi\u0105zani s\u0105 do przestrzegania zasad dobrego s\u0105siedztwa, a w szczeg\u00f3lno\u015bci do przestrzegania ciszy nocnej w godzinach od 22.00 do 6.00.<\/p>\t\t\t\t\t\t<\/div>\n\t\t\t\t<\/div>\n\t\t\t\t<\/div>\n\t\t<div class=\"elementor-element elementor-element-c73358d e-con-full e-flex e-con e-child\" data-id=\"c73358d\" data-element_type=\"container\">\n\t\t\t\t<div class=\"elementor-element elementor-element-36fa27b elementor-widget elementor-widget-heading\" data-id=\"36fa27b\" data-element_type=\"widget\" data-widget_type=\"heading.default\">\n\t\t\t\t<div class=\"elementor-widget-container\">\n\t\t\t<h2 class=\"elementor-heading-title elementor-size-default\">7. Zakaz palenia<\/h2>\t\t<\/div>\n\t\t\t\t<\/div>\n\t\t\t\t<div class=\"elementor-element elementor-element-51ea474 elementor-widget elementor-widget-text-editor\" data-id=\"51ea474\" data-element_type=\"widget\" data-widget_type=\"text-editor.default\">\n\t\t\t\t<div class=\"elementor-widget-container\">\n\t\t\t\t\t\t\t<p>Go\u015bcie zobowi\u0105zani s\u0105 do przestrzegania zasad dobrego s\u0105siedztwa, a w szczeg\u00f3lno\u015bci do przestrzegania ciszy nocnej w godzinach od 22.00 do 6.00.<\/p>\t\t\t\t\t\t<\/div>\n\t\t\t\t<\/div>\n\t\t\t\t<\/div>\n\t\t<div class=\"elementor-element elementor-element-2dcccb4 e-con-full e-flex e-con e-child\" data-id=\"2dcccb4\" data-element_type=\"container\">\n\t\t\t\t<div class=\"elementor-element elementor-element-d0b1824 elementor-widget elementor-widget-heading\" data-id=\"d0b1824\" data-element_type=\"widget\" data-widget_type=\"heading.default\">\n\t\t\t\t<div class=\"elementor-widget-container\">\n\t\t\t<h2 class=\"elementor-heading-title elementor-size-default\">8. Polityka dotycz\u0105ca dzieci<\/h2>\t\t<\/div>\n\t\t\t\t<\/div>\n\t\t\t\t<div class=\"elementor-element elementor-element-8a979ee elementor-widget elementor-widget-text-editor\" data-id=\"8a979ee\" data-element_type=\"widget\" data-widget_type=\"text-editor.default\">\n\t\t\t\t<div class=\"elementor-widget-container\">\n\t\t\t\t\t\t\t<p>Go\u015bcie zobowi\u0105zani s\u0105 do przestrzegania zasad dobrego s\u0105siedztwa, a w szczeg\u00f3lno\u015bci do przestrzegania ciszy nocnej w godzinach od 22.00 do 6.00.<\/p>\t\t\t\t\t\t<\/div>\n\t\t\t\t<\/div>\n\t\t\t\t<\/div>\n\t\t<div class=\"elementor-element elementor-element-782d59c e-con-full e-flex e-con e-child\" data-id=\"782d59c\" data-element_type=\"container\">\n\t\t\t\t<div class=\"elementor-element elementor-element-c45fcd5 elementor-widget elementor-widget-heading\" data-id=\"c45fcd5\" data-element_type=\"widget\" data-widget_type=\"heading.default\">\n\t\t\t\t<div class=\"elementor-widget-container\">\n\t\t\t<h2 class=\"elementor-heading-title elementor-size-default\">9. Zwierz\u0119ta domowe<\/h2>\t\t<\/div>\n\t\t\t\t<\/div>\n\t\t\t\t<div class=\"elementor-element elementor-element-e0877cb elementor-widget elementor-widget-text-editor\" data-id=\"e0877cb\" data-element_type=\"widget\" data-widget_type=\"text-editor.default\">\n\t\t\t\t<div class=\"elementor-widget-container\">\n\t\t\t\t\t\t\t<p>Zwierz\u0119ta nie s\u0105 akceptowane.<\/p>\t\t\t\t\t\t<\/div>\n\t\t\t\t<\/div>\n\t\t\t\t<\/div>\n\t\t<div class=\"elementor-element elementor-element-8b93b1c e-con-full e-flex e-con e-child\" data-id=\"8b93b1c\" data-element_type=\"container\">\n\t\t\t\t<div class=\"elementor-element elementor-element-edb2fdd elementor-widget elementor-widget-heading\" data-id=\"edb2fdd\" data-element_type=\"widget\" data-widget_type=\"heading.default\">\n\t\t\t\t<div class=\"elementor-widget-container\">\n\t\t\t<h2 class=\"elementor-heading-title elementor-size-default\">10. Zmiana cen<\/h2>\t\t<\/div>\n\t\t\t\t<\/div>\n\t\t\t\t<div class=\"elementor-element elementor-element-6720d80 elementor-widget elementor-widget-text-editor\" data-id=\"6720d80\" data-element_type=\"widget\" data-widget_type=\"text-editor.default\">\n\t\t\t\t<div class=\"elementor-widget-container\">\n\t\t\t\t\t\t\t<p>Apartamenty NAP zastrzegaj\u0105 sobie prawo do zmiany cen w wybranych przez siebie okresach.<\/p>\t\t\t\t\t\t<\/div>\n\t\t\t\t<\/div>\n\t\t\t\t<\/div>\n\t\t<div class=\"elementor-element elementor-element-c495ade e-con-full e-flex e-con e-child\" data-id=\"c495ade\" data-element_type=\"container\">\n\t\t\t\t<div class=\"elementor-element elementor-element-5ba8279 elementor-widget elementor-widget-heading\" data-id=\"5ba8279\" data-element_type=\"widget\" data-widget_type=\"heading.default\">\n\t\t\t\t<div class=\"elementor-widget-container\">\n\t\t\t<h2 class=\"elementor-heading-title elementor-size-default\">11. Awarie\n<\/h2>\t\t<\/div>\n\t\t\t\t<\/div>\n\t\t\t\t<div class=\"elementor-element elementor-element-0bf0932 elementor-widget elementor-widget-text-editor\" data-id=\"0bf0932\" data-element_type=\"widget\" data-widget_type=\"text-editor.default\">\n\t\t\t\t<div class=\"elementor-widget-container\">\n\t\t\t\t\t\t\t<p>Apartamenty NAP zobowi\u0105zuj\u0105 si\u0119 do usuni\u0119cia wszelkich usterek powsta\u0142ych w apartamencie bez zb\u0119dnej zw\u0142oki. Awarie powsta\u0142e z przyczyn niezale\u017cnych od Apartament\u00f3w NAP (dostawa medi\u00f3w, w tym Internetu, awarie sprz\u0119t\u00f3w znajduj\u0105cych si\u0119 w apartamencie) nie stanowi\u0105 podstawy do rezygnacji z rezerwacji.<br \/>W momencie zauwa\u017cenia usterki nale\u017cy niezw\u0142ocznie poinformowa\u0107 o tym fakcie dzwoni\u0105c pod numer:\u00a0+48\u00a0535\u00a0111 655\u00a0(czynne 24 h)<\/p>\t\t\t\t\t\t<\/div>\n\t\t\t\t<\/div>\n\t\t\t\t<\/div>\n\t\t<div class=\"elementor-element elementor-element-473261f e-con-full e-flex e-con e-child\" data-id=\"473261f\" data-element_type=\"container\">\n\t\t\t\t<div class=\"elementor-element elementor-element-c9081e7 elementor-widget elementor-widget-heading\" data-id=\"c9081e7\" data-element_type=\"widget\" data-widget_type=\"heading.default\">\n\t\t\t\t<div class=\"elementor-widget-container\">\n\t\t\t<h2 class=\"elementor-heading-title elementor-size-default\">12. Rozstrzyganie spor\u00f3w<\/h2>\t\t<\/div>\n\t\t\t\t<\/div>\n\t\t\t\t<div class=\"elementor-element elementor-element-ee5ebac elementor-widget elementor-widget-text-editor\" data-id=\"ee5ebac\" data-element_type=\"widget\" data-widget_type=\"text-editor.default\">\n\t\t\t\t<div class=\"elementor-widget-container\">\n\t\t\t\t\t\t\t<p>Strony zobowi\u0105zuj\u0105 si\u0119 wszelki spory powsta\u0142e na tle wykonywania niniejszej umowy rozwi\u0105zywa\u0107 polubownie. W razie niemo\u017cno\u015bci rozwi\u0105zania sporu polubownie , w\u0142a\u015bciwym do jego rozpoznania b\u0119dzie s\u0105d w\u0142a\u015bciwy dla siedziby Apartamenty NAP.<\/p>\t\t\t\t\t\t<\/div>\n\t\t\t\t<\/div>\n\t\t\t\t<\/div>\n\t\t<div class=\"elementor-element elementor-element-ca17ca4 e-con-full e-flex e-con e-child\" data-id=\"ca17ca4\" data-element_type=\"container\">\n\t\t\t\t<div class=\"elementor-element elementor-element-2bb20b6 elementor-widget elementor-widget-heading\" data-id=\"2bb20b6\" data-element_type=\"widget\" data-widget_type=\"heading.default\">\n\t\t\t\t<div class=\"elementor-widget-container\">\n\t\t\t<h2 class=\"elementor-heading-title elementor-size-default\">13. Postanowienia ko\u0144cowe<\/h2>\t\t<\/div>\n\t\t\t\t<\/div>\n\t\t\t\t<div class=\"elementor-element elementor-element-3b6e61b elementor-widget elementor-widget-text-editor\" data-id=\"3b6e61b\" data-element_type=\"widget\" data-widget_type=\"text-editor.default\">\n\t\t\t\t<div class=\"elementor-widget-container\">\n\t\t\t\t\t\t\t<p>Liczba os\u00f3b zamieszkuj\u0105cych w obiekcie nie mo\u017ce by\u0107 wi\u0119ksza od podanej w karcie meldunkowej. W przypadku przekroczenia tej liczby w\u0142a\u015bciciel ma prawo pobra\u0107 op\u0142at\u0119 za ka\u017cd\u0105 dodatkow\u0105 osob\u0119 lub zerwa\u0107 kontrakt ze skutkiem natychmiastowym bez zwrotu poniesionych wcze\u015bniej op\u0142at.<br \/>Prosimy o niepozostawianie warto\u015bciowych przedmiot\u00f3w w obiekcie \u2013 Apartamenty NAP nie ponosz\u0105 odpowiedzialno\u015bci za ich utrat\u0119 lub zniszczenie.<\/p>\t\t\t\t\t\t<\/div>\n\t\t\t\t<\/div>\n\t\t\t\t<\/div>\n\t\t\t\t<\/div>\n\t\t\t\t<\/div>\n\t\t\t\t<\/div>","protected":false},"excerpt":{"rendered":"<p>Regulamin 1. Rezerwacja Rezerwacji mo\u017cna dokona\u0107 telefonicznie lub mailowo kontaktuj\u0105c si\u0119 z recepcj\u0105 Apartamenty NAP. Po dokonaniu rezerwacji nale\u017cy wp\u0142aci\u0107 zadatek w wysoko\u015bci 50% warto\u015bci rezerwacji.Ka\u017cda rezerwacja dokonywana w Apartamentach NAP jest rezerwacj\u0105 gwarantowan\u0105 i mo\u017ce by\u0107 anulowana drog\u0105 mailow\u0105 najp\u00f3\u017aniej na 7 dni przed planowanym przyjazdem .W\u00f3wczas wp\u0142acony zadatek podlega zwrotowi.W przypadku okres\u00f3w targowych [&hellip;]<\/p>","protected":false},"author":1,"featured_media":0,"parent":0,"menu_order":0,"comment_status":"open","ping_status":"closed","template":"","meta":{"footnotes":""},"class_list":["post-47","page","type-page","status-publish","hentry"],"_links":{"self":[{"href":"https:\/\/apartamentynap.pl\/en\/wp-json\/wp\/v2\/pages\/47","targetHints":{"allow":["GET"]}}],"collection":[{"href":"https:\/\/apartamentynap.pl\/en\/wp-json\/wp\/v2\/pages"}],"about":[{"href":"https:\/\/apartamentynap.pl\/en\/wp-json\/wp\/v2\/types\/page"}],"author":[{"embeddable":true,"href":"https:\/\/apartamentynap.pl\/en\/wp-json\/wp\/v2\/users\/1"}],"replies":[{"embeddable":true,"href":"https:\/\/apartamentynap.pl\/en\/wp-json\/wp\/v2\/comments?post=47"}],"version-history":[{"count":10,"href":"https:\/\/apartamentynap.pl\/en\/wp-json\/wp\/v2\/pages\/47\/revisions"}],"predecessor-version":[{"id":272,"href":"https:\/\/apartamentynap.pl\/en\/wp-json\/wp\/v2\/pages\/47\/revisions\/272"}],"wp:attachment":[{"href":"https:\/\/apartamentynap.pl\/en\/wp-json\/wp\/v2\/media?parent=47"}],"curies":[{"name":"wp","href":"https:\/\/api.w.org\/{rel}","templated":true}]}}