{"id":6,"date":"2024-11-20T15:48:26","date_gmt":"2024-11-20T15:48:26","guid":{"rendered":"https:\/\/apartamentynap.pl\/?page_id=6"},"modified":"2025-01-20T11:59:50","modified_gmt":"2025-01-20T11:59:50","slug":"strona-glowna","status":"publish","type":"page","link":"https:\/\/apartamentynap.pl\/en\/","title":{"rendered":"OFFER"},"content":{"rendered":"<div data-elementor-type=\"wp-page\" data-elementor-id=\"6\" class=\"elementor elementor-6\" data-elementor-post-type=\"page\">\n\t\t\t\t<div class=\"elementor-element elementor-element-4e2b17b e-con-full e-flex e-con e-parent\" data-id=\"4e2b17b\" data-element_type=\"container\" data-settings=\"{&quot;background_background&quot;:&quot;classic&quot;}\">\n\t\t\t\t<div class=\"elementor-element elementor-element-4705422 elementor-widget elementor-widget-heading\" data-id=\"4705422\" data-element_type=\"widget\" data-widget_type=\"heading.default\">\n\t\t\t\t<div class=\"elementor-widget-container\">\n\t\t\t<h2 class=\"elementor-heading-title elementor-size-default\">OFFER<\/h2>\t\t<\/div>\n\t\t\t\t<\/div>\n\t\t\t\t<div class=\"elementor-element elementor-element-6a9781d elementor-widget elementor-widget-text-editor\" data-id=\"6a9781d\" data-element_type=\"widget\" data-widget_type=\"text-editor.default\">\n\t\t\t\t<div class=\"elementor-widget-container\">\n\t\t\t\t\t\t\t<p>Pokoje Go\u015bcinne NAP to korzystny wyb\u00f3r w rozs\u0105dnej cenie.<br \/>Mie\u015bcimy si\u0119 w \u015bcis\u0142ym centrum Katowic \u2013\u00a0tu\u017c obok Dworca PKP oraz Galerii Katowickiej.<br \/>\u0141\u0105cznie oferujemy Pa\u0144stwu 11 miejsc noclegowych w 5 komfortowo wyposa\u017conych pokojach.<\/p><p>Gwarantujemy Pa\u0144stwu:<\/p><ul><li>pokoje z \u0142azienkami (kabina prysznicowa w ka\u017cdym pokoju)<\/li><li>p\u0142askie TV we wszystkich pokojach<\/li><li>TV kablowa<\/li><li>bezp\u0142atny Internet Wi-Fi w ca\u0142ym obiekcie<\/li><li>og\u00f3lnodost\u0119pna, w pe\u0142ni wyposa\u017cona kuchnia<\/li><li>r\u0119czniki bez dodatkowej op\u0142aty<\/li><li>czynne 24h<\/li><li>p\u0142atno\u015b\u0107 got\u00f3wk\u0105 lub kart\u0105<\/li><li>parking miejski, p\u0142atny przed budynkiem<\/li><\/ul>\t\t\t\t\t\t<\/div>\n\t\t\t\t<\/div>\n\t\t\t\t<div class=\"elementor-element elementor-element-d2ea703 elementor-widget elementor-widget-heading\" data-id=\"d2ea703\" data-element_type=\"widget\" data-widget_type=\"heading.default\">\n\t\t\t\t<div class=\"elementor-widget-container\">\n\t\t\t<h2 class=\"elementor-heading-title elementor-size-default\">WA\u017bNE:<\/h2>\t\t<\/div>\n\t\t\t\t<\/div>\n\t\t\t\t<div class=\"elementor-element elementor-element-917de97 elementor-widget elementor-widget-image\" data-id=\"917de97\" data-element_type=\"widget\" data-widget_type=\"image.default\">\n\t\t\t\t<div class=\"elementor-widget-container\">\n\t\t\t\t\t\t\t\t\t\t\t\t\t<img fetchpriority=\"high\" decoding=\"async\" width=\"903\" height=\"153\" src=\"https:\/\/apartamentynap.pl\/wp-content\/uploads\/2024\/11\/karty.jpg\" class=\"attachment-full size-full wp-image-20\" alt=\"\" srcset=\"https:\/\/apartamentynap.pl\/wp-content\/uploads\/2024\/11\/karty.jpg 903w, https:\/\/apartamentynap.pl\/wp-content\/uploads\/2024\/11\/karty-300x51.jpg 300w, https:\/\/apartamentynap.pl\/wp-content\/uploads\/2024\/11\/karty-768x130.jpg 768w\" sizes=\"(max-width: 903px) 100vw, 903px\" \/>\t\t\t\t\t\t\t\t\t\t\t\t\t<\/div>\n\t\t\t\t<\/div>\n\t\t\t\t<div class=\"elementor-element elementor-element-8ee53ea elementor-widget elementor-widget-heading\" data-id=\"8ee53ea\" data-element_type=\"widget\" data-widget_type=\"heading.default\">\n\t\t\t\t<div class=\"elementor-widget-container\">\n\t\t\t<h2 class=\"elementor-heading-title elementor-size-default\">Apartamenty NAP oddalone s\u0105 od Hostelu Katowice Centrum 5 min pieszo. Szczeg\u00f3\u0142y w zak\u0142adce LOKALIZACJA.<\/h2>\t\t<\/div>\n\t\t\t\t<\/div>\n\t\t\t\t<div class=\"elementor-element elementor-element-ca6d88a elementor-widget elementor-widget-text-editor\" data-id=\"ca6d88a\" data-element_type=\"widget\" data-widget_type=\"text-editor.default\">\n\t\t\t\t<div class=\"elementor-widget-container\">\n\t\t\t\t\t\t\t<ul><li>Pobieramy 100 z\u0142 depozytu, kt\u00f3ry zwracany jest w momencie wymeldowania.<\/li><li>Doba trwa od godziny 16:00 dnia przyjazdu do godziny 12:00 dnia wyjazdu.<\/li><\/ul>\t\t\t\t\t\t<\/div>\n\t\t\t\t<\/div>\n\t\t\t\t<\/div>\n\t\t\t\t<\/div>","protected":false},"excerpt":{"rendered":"<p>OFERTA Pokoje Go\u015bcinne NAP to korzystny wyb\u00f3r w rozs\u0105dnej cenie.Mie\u015bcimy si\u0119 w \u015bcis\u0142ym centrum Katowic \u2013\u00a0tu\u017c obok Dworca PKP oraz Galerii Katowickiej.\u0141\u0105cznie oferujemy Pa\u0144stwu 11 miejsc noclegowych w 5 komfortowo wyposa\u017conych pokojach. Gwarantujemy Pa\u0144stwu: pokoje z \u0142azienkami (kabina prysznicowa w ka\u017cdym pokoju) p\u0142askie TV we wszystkich pokojach TV kablowa bezp\u0142atny Internet Wi-Fi w ca\u0142ym obiekcie [&hellip;]<\/p>","protected":false},"author":1,"featured_media":0,"parent":0,"menu_order":0,"comment_status":"closed","ping_status":"closed","template":"","meta":{"footnotes":""},"class_list":["post-6","page","type-page","status-publish","hentry"],"_links":{"self":[{"href":"https:\/\/apartamentynap.pl\/en\/wp-json\/wp\/v2\/pages\/6","targetHints":{"allow":["GET"]}}],"collection":[{"href":"https:\/\/apartamentynap.pl\/en\/wp-json\/wp\/v2\/pages"}],"about":[{"href":"https:\/\/apartamentynap.pl\/en\/wp-json\/wp\/v2\/types\/page"}],"author":[{"embeddable":true,"href":"https:\/\/apartamentynap.pl\/en\/wp-json\/wp\/v2\/users\/1"}],"replies":[{"embeddable":true,"href":"https:\/\/apartamentynap.pl\/en\/wp-json\/wp\/v2\/comments?post=6"}],"version-history":[{"count":47,"href":"https:\/\/apartamentynap.pl\/en\/wp-json\/wp\/v2\/pages\/6\/revisions"}],"predecessor-version":[{"id":133,"href":"https:\/\/apartamentynap.pl\/en\/wp-json\/wp\/v2\/pages\/6\/revisions\/133"}],"wp:attachment":[{"href":"https:\/\/apartamentynap.pl\/en\/wp-json\/wp\/v2\/media?parent=6"}],"curies":[{"name":"wp","href":"https:\/\/api.w.org\/{rel}","templated":true}]}}